{"id":22,"date":"2017-11-17T15:19:40","date_gmt":"2017-11-17T15:19:40","guid":{"rendered":"http:\/\/wp.magnium-themes.com\/enside\/enside-8\/?page_id=22"},"modified":"2023-07-01T01:22:56","modified_gmt":"2023-07-01T01:22:56","slug":"homepage","status":"publish","type":"page","link":"https:\/\/www.netarto.pl\/","title":{"rendered":"Strona g\u0142\u00f3wna"},"content":{"rendered":"<section class=\"wpb-content-wrapper\"><p>[vc_row full_width=&#8221;stretch_row_content_no_spaces&#8221; row_onepage_id=&#8221;#home&#8221; css=&#8221;.vc_custom_1688171918082{padding-top: 120px !important;padding-bottom: 120px !important;background-image: url(https:\/\/www.netarto.pl\/wp-content\/uploads\/2023\/06\/background.jpg?id=668) !important;}&#8221;][vc_column width=&#8221;1\/4&#8243;][\/vc_column][vc_column width=&#8221;1\/2&#8243;][vc_custom_heading text=&#8221;Netarto &#8211; Tw\u00f3j partner w biznesie&#8221; font_container=&#8221;tag:h2|font_size:54|text_align:left|color:%23ffffff&#8221; google_fonts=&#8221;font_family:Roboto%20Condensed%3A300%2C300italic%2Cregular%2Citalic%2C700%2C700italic|font_style:700%20bold%20regular%3A700%3Anormal&#8221; css=&#8221;.vc_custom_1688169166415{margin-bottom: 50px !important;}&#8221;][vc_custom_heading text=&#8221;Witamy na stronie naszej firmy, specjalizuj\u0105cej si\u0119 w dostarczaniu innowacyjnych wdro\u017ce\u0144 IT, rozwi\u0105za\u0144 sieciowych oraz skutecznych stron www.&#8221; font_container=&#8221;tag:h2|font_size:28|text_align:left|color:%23ffffff&#8221; google_fonts=&#8221;font_family:Roboto%20Condensed%3A300%2C300italic%2Cregular%2Citalic%2C700%2C700italic|font_style:400%20regular%3A400%3Anormal&#8221; css=&#8221;.vc_custom_1688170530184{margin-bottom: 30px !important;}&#8221;][vc_custom_heading text=&#8221;Nasza misja to tworzenie fundament\u00f3w cyfrowego \u017cycia i wsp\u00f3\u0142czesnego biznesu, \u0142\u0105cz\u0105c i zabezpieczaj\u0105c coraz bardziej z\u0142o\u017cony krajobraz cyfrowy.&#8221; font_container=&#8221;tag:h2|font_size:28|text_align:left|color:%23ffffff&#8221; google_fonts=&#8221;font_family:Roboto%20Condensed%3A300%2C300italic%2Cregular%2Citalic%2C700%2C700italic|font_style:400%20regular%3A400%3Anormal&#8221;][\/vc_column][vc_column width=&#8221;1\/4&#8243;][\/vc_column][\/vc_row][vc_row equal_height=&#8221;yes&#8221; row_onepage_id=&#8221;#services&#8221; css=&#8221;.vc_custom_1688171928674{padding-top: 60px !important;}&#8221;][vc_column width=&#8221;1\/4&#8243; css=&#8221;.vc_custom_1487239752272{padding-top: 80px !important;padding-right: 100px !important;}&#8221;][\/vc_column][vc_column width=&#8221;1\/2&#8243;]<div class=\"mgt-header-block clearfix text-center text-black wpb_content_element  mgt-header-block-style-1 mgt-header-block-fontsize-medium mgt-header-texttransform-subheader mgt-header-block-46154724  vc_custom_1688163848000\"><h2 class=\"mgt-header-block-title text-font-weight-default\">Us\u0142ugi<\/h2><p class=\"mgt-header-block-subtitle\">W czym mo\u017cemy pom\u00f3c<\/p><div class=\"mgt-header-line mgt-header-line-margin-small mgt-header-line-style-rounded\"><\/div><\/div>[\/vc_column][vc_column width=&#8221;1\/4&#8243;][\/vc_column][\/vc_row][vc_row css=&#8221;.vc_custom_1527249365057{margin-top: 50px !important;margin-bottom: 60px !important;}&#8221;][vc_column width=&#8221;1\/3&#8243;]<style scoped='scoped'>.mgt-promo-block-62643115.mgt-promo-block {border: 1px solid #f7f7f7!important;}<\/style><div class=\"mgt-promo-block-container wpb_content_element wpb_animate_when_almost_visible wpb_fadeInUp fadeInUp\"><div class=\"mgt-promo-block-wrapper  mgt-promo-block-shadow mgt-promo-block-hover mgt-promo-block-wrapper-round-edges-disable\"><div class=\"mgt-promo-block-top-image\" data-style=\"background-image: url(https:\/\/www.netarto.pl\/wp-content\/uploads\/2023\/06\/network.jpg);height: 270pxpx;background-size: cover;\"><\/div><div  class=\" mgt-promo-block black-text no-darken mgt-promo-block-62643115\" data-style=\"height: 270px;\"><div class=\"mgt-promo-block-content va-middle\"><div class=\"mgt-promo-block-content-inside\">\n<h3>Rozwi\u0105zania sieciowe<\/h3>\n<p><span style=\"color: #999999;\">Oferujemy kompleksowe rozwi\u0105zania sieciowe, kt\u00f3re pomog\u0105 Ci zbudowa\u0107 skalowaln\u0105 i niezawodn\u0105 infrastruktur\u0119 sieciow\u0105. Nasz zesp\u00f3\u0142 ekspert\u00f3w zapewni Ci profesjonalne doradztwo w zakresie projektowania i wdra\u017cania sieci, aby spe\u0142ni\u0107 Twoje wymagania biznesowe. Dzi\u0119ki naszym rozwi\u0105zaniom zyskasz optymaln\u0105 przepustowo\u015b\u0107, wydajno\u015b\u0107 oraz bezpiecze\u0144stwo, umo\u017cliwiaj\u0105c p\u0142ynne i niezak\u0142\u00f3cone dzia\u0142anie Twojego przedsi\u0119biorstwa.<\/span><\/div><\/div><\/div><\/div><\/div>[\/vc_column][vc_column width=&#8221;1\/3&#8243;]<style scoped='scoped'>.mgt-promo-block-89798015.mgt-promo-block {border: 1px solid #f7f7f7!important;}<\/style><div class=\"mgt-promo-block-container wpb_content_element wpb_animate_when_almost_visible wpb_fadeInUp fadeInUp\"><div class=\"mgt-promo-block-wrapper  mgt-promo-block-shadow mgt-promo-block-hover mgt-promo-block-wrapper-round-edges-disable\"><div class=\"mgt-promo-block-top-image\" data-style=\"background-image: url(https:\/\/www.netarto.pl\/wp-content\/uploads\/2023\/06\/integrations.jpg);height: 270pxpx;background-size: cover;\"><\/div><div  class=\" mgt-promo-block black-text no-darken mgt-promo-block-89798015\" data-style=\"height: 270px;\"><div class=\"mgt-promo-block-content va-middle\"><div class=\"mgt-promo-block-content-inside\">\n<h3>Wdro\u017cenia IT<\/h3>\n<p><span style=\"color: #999999;\">Nasza firma specjalizuje si\u0119 w wdra\u017caniu rozwi\u0105za\u0144 IT, kt\u00f3re zoptymalizuj\u0105 i usprawni\u0105 r\u00f3\u017cne aspekty Twojej dzia\u0142alno\u015bci. Dzi\u0119ki naszemu do\u015bwiadczeniu, mo\u017cemy zaoferowa\u0107 Ci nowoczesne narz\u0119dzia i technologie, kt\u00f3re zwi\u0119ksz\u0105 wydajno\u015b\u0107 Twojego biznesu. Niezale\u017cnie od tego, czy potrzebujesz zautomatyzowa\u0107 procesy, zoptymalizowa\u0107 zarz\u0105dzanie danymi, czy wprowadzi\u0107 nowe rozwi\u0105zania cyfrowe, jeste\u015bmy gotowi Ci pom\u00f3c.<\/span><\/div><\/div><\/div><\/div><\/div>[\/vc_column][vc_column width=&#8221;1\/3&#8243;]<style scoped='scoped'>.mgt-promo-block-68795441.mgt-promo-block {border: 1px solid #f7f7f7!important;}<\/style><div class=\"mgt-promo-block-container wpb_content_element wpb_animate_when_almost_visible wpb_fadeInUp fadeInUp\"><div class=\"mgt-promo-block-wrapper  mgt-promo-block-shadow mgt-promo-block-hover mgt-promo-block-wrapper-round-edges-disable\"><div class=\"mgt-promo-block-top-image\" data-style=\"background-image: url(https:\/\/www.netarto.pl\/wp-content\/uploads\/2023\/06\/development.jpg);height: 270pxpx;background-size: cover;\"><\/div><div  class=\" mgt-promo-block black-text no-darken mgt-promo-block-68795441\" data-style=\"height: 270px;\"><div class=\"mgt-promo-block-content va-middle\"><div class=\"mgt-promo-block-content-inside\">\n<h3>Tworzenie stron<\/h3>\n<p><span style=\"color: #999999;\">Przygotowanie obecno\u015bci online jest kluczowe dla sukcesu ka\u017cdej firmy. Nasz zesp\u00f3\u0142 projektant\u00f3w i programist\u00f3w specjalizuje si\u0119 w tworzeniu responsywnych stron internetowych, kt\u00f3re s\u0105 dostosowane do r\u00f3\u017cnych urz\u0105dze\u0144 i przegl\u0105darek. Skupiamy si\u0119 na stworzeniu atrakcyjnego wygl\u0105du, intuicyjnej nawigacji i optymalnej funkcjonalno\u015bci, aby zapewni\u0107 Twoim u\u017cytkownikom najlepsze wra\u017cenia i odczucia.<br \/>\n<\/span><\/div><\/div><\/div><\/div><\/div>[\/vc_column][\/vc_row][vc_row full_width=&#8221;stretch_row_content_no_spaces&#8221; css_animation=&#8221;none&#8221;][vc_column]<style scoped='scoped'>.mgt-promo-block-19435739.mgt-promo-block.darken .mgt-promo-block-content {background-color: rgba(20,20,20,0.53)!important;}.mgt-promo-block-19435739.mgt-promo-block.darken .mgt-promo-block-content {background: -moz-linear-gradient(left,rgba(20,20,20,0.53) 0%, #034b9e 100%)!important;background: -webkit-linear-gradient(left,rgba(20,20,20,0.53) 0%, #034b9e 100%)!important;background: linear-gradient(to right,rgba(20,20,20,0.53) 0%, #034b9e 100%)!important;background-color: rgba(20,20,20,0.53)!important;}.mgt-promo-block-19435739.mgt-promo-block.animated:hover .mgt-promo-block-content {background-color: rgba(20,20,20,0.59)!important;}.mgt-promo-block-19435739.mgt-promo-block .mgt-promo-block-content h2 {font-size: 38px;line-height: normal!important;}.mgt-promo-block-19435739.mgt-promo-block .mgt-promo-block-content h2 {margin: 25px!important;}<\/style><div class=\"mgt-promo-block-container wpb_content_element\"><div class=\"mgt-promo-block-wrapper  mgt-promo-block-wrapper-round-edges-disable\"><div data-vc-parallax=\"1.5\" data-vc-parallax-image=\"https:\/\/www.netarto.pl\/wp-content\/uploads\/2023\/07\/background-top.jpg\" class=\"vc_general vc_parallax vc_parallax-fixed js-vc_parallax-o-fixed mgt-promo-block animated white-text cover-image darken mgt-promo-block-19435739\" data-style=\"background-color: #f5f5f5;height: 300px;\"><div class=\"mgt-promo-block-content va-middle\"><div class=\"mgt-promo-block-content-inside\">\n<h2 style=\"text-align: center;\">Rozwi\u0144 swoj\u0105 firm\u0119 razem z nami<\/h2>\n<\/div><\/div><\/div><\/div><\/div>[\/vc_column][\/vc_row][vc_row full_width=&#8221;stretch_row&#8221; equal_height=&#8221;yes&#8221; row_onepage_id=&#8221;#about&#8221; css=&#8221;.vc_custom_1688171965872{padding-top: 90px !important;background-color: #f2f2f2 !important;}&#8221;][vc_column width=&#8221;1\/4&#8243; css=&#8221;.vc_custom_1487239752272{padding-top: 80px !important;padding-right: 100px !important;}&#8221;][\/vc_column][vc_column width=&#8221;1\/2&#8243;]<div class=\"mgt-header-block clearfix text-center text-black wpb_animate_when_almost_visible wpb_fadeInDown fadeInDown wpb_content_element  mgt-header-block-style-1 mgt-header-block-fontsize-medium mgt-header-texttransform-subheader mgt-header-block-14828924  vc_custom_1688172024623\"><h2 class=\"mgt-header-block-title text-font-weight-default\">O firmie<\/h2><p class=\"mgt-header-block-subtitle\">Kilka s\u0142\u00f3w o nas<\/p><div class=\"mgt-header-line mgt-header-line-margin-small mgt-header-line-style-rounded\"><\/div><\/div>[\/vc_column][vc_column width=&#8221;1\/4&#8243;][\/vc_column][\/vc_row][vc_row full_width=&#8221;stretch_row&#8221; equal_height=&#8221;yes&#8221; css=&#8221;.vc_custom_1688171218706{padding-bottom: 60px !important;background-color: #f2f2f2 !important;}&#8221;][vc_column width=&#8221;1\/2&#8243;][vc_column_text css_animation=&#8221;fadeInDown&#8221;]Od wielu lat anga\u017cujemy si\u0119 w opracowywanie i wdra\u017canie rozwi\u0105za\u0144, kt\u00f3re sprawiaj\u0105, \u017ce \u015bwiat cyfrowy staje si\u0119 bezpieczniejszy i bardziej przyst\u0119pny. Dzi\u0119ki naszej wiedzy i do\u015bwiadczeniu pomagamy firmom rozwija\u0107 si\u0119 i poprawia\u0107 swoj\u0105 wydajno\u015b\u0107, korzystaj\u0105c z unikalnych mo\u017cliwo\u015bci, jakie daje nowoczesna technologia.[\/vc_column_text][vc_empty_space height=&#8221;15px&#8221;][vc_column_text css_animation=&#8221;fadeInDown&#8221;]Nasza oferta obejmuje szeroki zakres us\u0142ug i produkt\u00f3w, aby sprosta\u0107 r\u00f3\u017cnorodnym potrzebom naszych klient\u00f3w. W zakresie rozwi\u0105za\u0144 IT dostarczamy kompleksowe rozwi\u0105zania, kt\u00f3re optymalizuj\u0105 infrastruktur\u0119 IT, zwi\u0119kszaj\u0105 bezpiecze\u0144stwo danych oraz umo\u017cliwiaj\u0105 efektywne zarz\u0105dzanie zasobami cyfrowymi. Niezale\u017cnie od wielko\u015bci firmy, zapewniamy spersonalizowane podej\u015bcie, dostosowane do indywidualnych wymaga\u0144 biznesowych.[\/vc_column_text][\/vc_column][vc_column width=&#8221;1\/2&#8243;][vc_column_text css_animation=&#8221;fadeInDown&#8221;]Je\u015bli chodzi o sprzeda\u017c sprz\u0119tu, oferujemy szeroki wyb\u00f3r najnowocze\u015bniejszych urz\u0105dze\u0144, kt\u00f3re zapewniaj\u0105 niezawodno\u015b\u0107, wydajno\u015b\u0107 i innowacyjno\u015b\u0107. Nasz zesp\u00f3\u0142 ekspert\u00f3w s\u0142u\u017cy pomoc\u0105 w doborze odpowiednich rozwi\u0105za\u0144 sprz\u0119towych, zapewniaj\u0105c wsparcie techniczne na ka\u017cdym etapie.[\/vc_column_text][vc_empty_space height=&#8221;15px&#8221;][vc_column_text css_animation=&#8221;fadeInDown&#8221;]Reklama odgrywa kluczow\u0105 rol\u0119 w dzisiejszym \u015bwiecie biznesu. Nasza firma oferuje profesjonalne us\u0142ugi reklamowe, kt\u00f3re pomagaj\u0105 naszym klientom dotrze\u0107 do swojej docelowej grupy odbiorc\u00f3w. Tworzymy strategie marketingowe, kreujemy atrakcyjne tre\u015bci i zarz\u0105dzamy kampaniami reklamowymi, aby zapewni\u0107 maksymaln\u0105 skuteczno\u015b\u0107 i zwrot z inwestycji.[\/vc_column_text][\/vc_column][\/vc_row][vc_row full_width=&#8221;stretch_row&#8221; equal_height=&#8221;yes&#8221; row_onepage_id=&#8221;#account&#8221; css=&#8221;.vc_custom_1688174314844{padding-top: 90px !important;}&#8221;][vc_column width=&#8221;1\/4&#8243; css=&#8221;.vc_custom_1487239752272{padding-top: 80px !important;padding-right: 100px !important;}&#8221;][\/vc_column][vc_column width=&#8221;1\/2&#8243;]<div class=\"mgt-header-block clearfix text-center text-black wpb_animate_when_almost_visible wpb_fadeInDown fadeInDown wpb_content_element  mgt-header-block-style-1 mgt-header-block-fontsize-medium mgt-header-texttransform-subheader mgt-header-block-80874038  vc_custom_1688172679589\"><h2 class=\"mgt-header-block-title text-font-weight-default\">Strefa klienta<\/h2><p class=\"mgt-header-block-subtitle\">Zaloguj si\u0119 na swoje konto<\/p><div class=\"mgt-header-line mgt-header-line-margin-small mgt-header-line-style-rounded\"><\/div><\/div>[\/vc_column][vc_column width=&#8221;1\/4&#8243;][\/vc_column][\/vc_row][vc_row full_width=&#8221;stretch_row_content_no_spaces&#8221; css_animation=&#8221;none&#8221; row_onepage_id=&#8221;#contact&#8221;][vc_column width=&#8221;1\/3&#8243;][\/vc_column][vc_column width=&#8221;1\/3&#8243;][vc_column_text css_animation=&#8221;fadeInDown&#8221;]<!-- LRMDD\n-->\n<div class=\"lrm-main lrm-font-svg lrm-inline is-visible lrm-btn-style--default\" >\n    <!--<div class=\"lrm-user-modal\" style=\"visibility: hidden;\">  this is the entire modal form, including the background -->\n\n    <div class=\"lrm-user-modal-container\"> <!-- this is the container wrapper -->\n        <div class=\"lrm-user-modal-container-inner\"> <!-- this is the container wrapper -->\n\n            <ul class=\"lrm-switcher -is-login-only\">\n\n\t<li><a href=\"#0\" class=\"lrm-switch-to-link lrm-switch-to--login lrm-ficon-login selected\">\n\t\t\tLogowanie klienta\t\t<\/a><\/li>\n\n\t<\/ul><div class=\"lrm-signin-section is-selected\"> <!-- log in form -->\n\t<form class=\"lrm-form js-lrm-form\" action=\"#0\" data-action=\"login\">\n        <div class=\"lrm-fieldset-wrap\">\n\n            <div class=\"lrm-integrations lrm-integrations--login\">\n                            <\/div>\n\n            <p class=\"lrm-form-message lrm-form-message--init\"><\/p>\n\n            <div class=\"fieldset\">\n                                <label class=\"image-replace lrm-email lrm-ficon-mail\" title=\"Adres e-mail\"><\/label>\n                <input name=\"username\" class=\"full-width has-padding has-border\" type=\"text\" aria-label=\"Adres e-mail\" placeholder=\"Adres e-mail\" required value=\"\" autocomplete=\"username\" data-autofocus=\"1\">\n                <span class=\"lrm-error-message\"><\/span>\n            <\/div>\n\n            <div class=\"fieldset\">\n                                <label class=\"image-replace lrm-password lrm-ficon-key\" title=\"Has\u0142o\"><\/label>\n                <input name=\"password\" class=\"full-width has-padding has-border\" type=\"password\" aria-label=\"Has\u0142o\" placeholder=\"Has\u0142o\" required value=\"\">\n                <span class=\"lrm-error-message\"><\/span>\n                                    <span class=\"hide-password lrm-ficon-eye\" data-show=\"Poka\u017c\" data-hide=\"Ukryj\" aria-label=\"Poka\u017c\"><\/span>\n                            <\/div>\n\n            <div class=\"fieldset\">\n                                    <label class=\"lrm-nice-checkbox__label lrm-remember-me-checkbox\">Nie wylogowuj                        <input type=\"checkbox\" class=\"lrm-nice-checkbox lrm-remember-me\" name=\"remember-me\" checked>\n                        <div class=\"lrm-nice-checkbox__indicator\"><\/div>\n                    <\/label>\n                            <\/div>\n\n            <div class=\"lrm-integrations lrm-integrations--login lrm-integrations-before-btn\">\n                                            <\/div>\n\n            <div class=\"lrm-integrations-otp\"><\/div>\n\n        <\/div>\n\n\t\t<div class=\"fieldset fieldset--submit fieldset--default\">\n\t\t\t<button class=\"full-width has-padding\" type=\"submit\">\n\t\t\t\tZaloguj\t\t\t<\/button>\n\t\t<\/div>\n\n        <div class=\"lrm-fieldset-wrap\">\n            <div class=\"lrm-integrations lrm-integrations--login\">\n                            <\/div>\n        <\/div>\n\n\t\t<input type=\"hidden\" name=\"redirect_to\" value=\"\">\n\t\t<input type=\"hidden\" name=\"lrm_action\" value=\"login\">\n\t\t<input type=\"hidden\" name=\"wp-submit\" value=\"1\">\n\t\t<!-- Fix for Eduma WP theme-->\n\t\t<input type=\"hidden\" name=\"lp-ajax\" value=\"login\">\n\n\t\t<input type=\"hidden\" id=\"security-login\" name=\"security-login\" value=\"7e1e38a222\" \/><input type=\"hidden\" name=\"_wp_http_referer\" value=\"\/index.php?rest_route=%2Fwp%2Fv2%2Fpages%2F22\" \/>\n\t\t<!-- For Invisible Recaptcha plugin -->\n\t\t<span class=\"wpcf7-submit\" style=\"display: none;\"><\/span>\n\t<\/form>\n\n\t<p class=\"lrm-form-bottom-message\"><a href=\"#0\" class=\"lrm-switch-to--reset-password\">Przypomnij has\u0142o<\/a><\/p>\n\t<!-- <a href=\"#0\" class=\"lrm-close-form\">Close<\/a> -->\n<\/div> <!-- lrm-login --><div class=\"lrm-reset-password-section \"> <!-- reset password form -->\n\t<form class=\"lrm-form js-lrm-form\" action=\"#0\" data-action=\"lost-password\">\n\n        <div class=\"lrm-fieldset-wrap\">\n            <p class=\"lrm-form-message\">Lost your password? Please enter your email address. You will receive mail with link to set new password.<\/p>\n\n            <div class=\"fieldset\">\n                                <label class=\"image-replace lrm-email lrm-ficon-mail\" title=\"Email or Username\"><\/label>\n                <input class=\"full-width has-padding has-border\" name=\"user_login\" type=\"text\" required placeholder=\"Email or Username\" data-autofocus=\"1\" aria-label=\"Email or Username\">\n                <span class=\"lrm-error-message\"><\/span>\n            <\/div>\n\n            <div class=\"lrm-integrations lrm-integrations--reset-pass\">\n                            <\/div>\n\n            <input type=\"hidden\" name=\"lrm_action\" value=\"lostpassword\">\n            <input type=\"hidden\" name=\"wp-submit\" value=\"1\">\n            <input type=\"hidden\" id=\"security-lostpassword\" name=\"security-lostpassword\" value=\"f428873457\" \/><input type=\"hidden\" name=\"_wp_http_referer\" value=\"\/index.php?rest_route=%2Fwp%2Fv2%2Fpages%2F22\" \/>\n        <\/div>\n\n\t\t<div class=\"fieldset fieldset--submit fieldset--default\">\n\t\t\t<button class=\"full-width has-padding\" type=\"submit\">\n\t\t\t\tReset password\t\t\t<\/button>\n\t\t<\/div>\n\t\t<!-- For Invisible Recaptcha plugin -->\n\t\t<span class=\"wpcf7-submit\" style=\"display: none;\"><\/span>\n\n\t<\/form>\n\n\t<p class=\"lrm-form-bottom-message\"><a href=\"#0\" class=\"lrm-switch-to--login\">Wr\u00f3\u0107 do logowania<\/a><\/p>\n<\/div> <!-- lrm-reset-password -->\n        <\/div> <!-- lrm-user-modal-container -->\n        <a href=\"#0\" class=\"lrm-close-form\" title=\"zamknij\">\n            <span class=\"lrm-ficon-close\"><\/span>\n        <\/a>\n\n    <\/div> <!-- lrm-user-modal-container -->\n\n<\/div> <!-- lrm-user-modal -->[\/vc_column_text][\/vc_column][vc_column width=&#8221;1\/3&#8243;][\/vc_column][\/vc_row][vc_row full_width=&#8221;stretch_row_content_no_spaces&#8221; css_animation=&#8221;none&#8221; row_onepage_id=&#8221;#contact&#8221;][vc_column]<style scoped='scoped'>.mgt-promo-block-32777585.mgt-promo-block.darken .mgt-promo-block-content {background-color: #00213e!important;}.mgt-promo-block-32777585.mgt-promo-block.darken .mgt-promo-block-content {background: -moz-linear-gradient(left,#00213e 0%, rgba(0,0,0,0.46) 100%)!important;background: -webkit-linear-gradient(left,#00213e 0%, rgba(0,0,0,0.46) 100%)!important;background: linear-gradient(to right,#00213e 0%, rgba(0,0,0,0.46) 100%)!important;background-color: #00213e!important;}.mgt-promo-block-32777585.mgt-promo-block.animated:hover .mgt-promo-block-content {background-color: rgba(20,20,20,0.59)!important;}.mgt-promo-block-32777585.mgt-promo-block .mgt-promo-block-content h2 {font-size: 38px;line-height: normal!important;}.mgt-promo-block-32777585.mgt-promo-block .mgt-promo-block-content h2 {margin: 25px!important;}<\/style><div class=\"mgt-promo-block-container wpb_content_element\"><div class=\"mgt-promo-block-wrapper  mgt-promo-block-wrapper-round-edges-disable\"><div  class=\" mgt-promo-block animated white-text cover-image darken mgt-promo-block-32777585\" data-style=\"background-color: #f5f5f5;height: 300px;\"><div class=\"mgt-promo-block-content va-middle\"><div class=\"mgt-promo-block-content-inside\">\n<h2 style=\"text-align: center;\">Jeste\u015bmy dumni z sukces\u00f3w, kt\u00f3re zdobyli nasi klienci.<\/h2>\n<p style=\"text-align: center;\">Zapraszamy do kontaktu z naszym zespo\u0142em, aby pozna\u0107 szczeg\u00f3\u0142y naszych us\u0142ug i rozwi\u0105za\u0144,<br \/>\nkt\u00f3re mog\u0105 przyczyni\u0107 si\u0119 do rozwoju Twojego biznesu.<\/p>\n<p style=\"text-align: center;\">Razem mo\u017cemy zbudowa\u0107 solidne podstawy cyfrowej przysz\u0142o\u015bci<br \/>\noraz osi\u0105gn\u0105\u0107 sukces w dynamicznym \u015bwiecie technologii.<\/p>\n<\/div><\/div><\/div><\/div><\/div>[\/vc_column][\/vc_row]<\/p>\n<\/section>","protected":false},"excerpt":{"rendered":"<p>[vc_row full_width=&#8221;stretch_row_content_no_spaces&#8221; row_onepage_id=&#8221;#home&#8221; css=&#8221;.vc_custom_1688171918082{padding-top: 120px !important;padding-bottom: 120px !important;background-image: url(https:\/\/www.netarto.pl\/wp-content\/uploads\/2023\/06\/background.jpg?id=668) !important;}&#8221;][vc_column width=&#8221;1\/4&#8243;][\/vc_column][vc_column width=&#8221;1\/2&#8243;][vc_custom_heading text=&#8221;Netarto &#8211; Tw\u00f3j partner w biznesie&#8221; font_container=&#8221;tag:h2|font_size:54|text_align:left|color:%23ffffff&#8221; google_fonts=&#8221;font_family:Roboto%20Condensed%3A300%2C300italic%2Cregular%2Citalic%2C700%2C700italic|font_style:700%20bold%20regular%3A700%3Anormal&#8221; css=&#8221;.vc_custom_1688169166415{margin-bottom: 50px !important;}&#8221;][vc_custom_heading text=&#8221;Witamy na stronie naszej firmy, specjalizuj\u0105cej si\u0119&#8230;<\/p>\n","protected":false},"author":1,"featured_media":0,"parent":0,"menu_order":0,"comment_status":"closed","ping_status":"closed","template":"","meta":[],"_links":{"self":[{"href":"https:\/\/www.netarto.pl\/index.php?rest_route=\/wp\/v2\/pages\/22"}],"collection":[{"href":"https:\/\/www.netarto.pl\/index.php?rest_route=\/wp\/v2\/pages"}],"about":[{"href":"https:\/\/www.netarto.pl\/index.php?rest_route=\/wp\/v2\/types\/page"}],"author":[{"embeddable":true,"href":"https:\/\/www.netarto.pl\/index.php?rest_route=\/wp\/v2\/users\/1"}],"replies":[{"embeddable":true,"href":"https:\/\/www.netarto.pl\/index.php?rest_route=%2Fwp%2Fv2%2Fcomments&post=22"}],"version-history":[{"count":10,"href":"https:\/\/www.netarto.pl\/index.php?rest_route=\/wp\/v2\/pages\/22\/revisions"}],"predecessor-version":[{"id":684,"href":"https:\/\/www.netarto.pl\/index.php?rest_route=\/wp\/v2\/pages\/22\/revisions\/684"}],"wp:attachment":[{"href":"https:\/\/www.netarto.pl\/index.php?rest_route=%2Fwp%2Fv2%2Fmedia&parent=22"}],"curies":[{"name":"wp","href":"https:\/\/api.w.org\/{rel}","templated":true}]}}